{"id":3812,"date":"2020-08-20T17:11:57","date_gmt":"2020-08-20T09:11:57","guid":{"rendered":"https:\/\/www.chiuyi.tw\/wphe-thong-efms-ket-noi-internet\/"},"modified":"2020-12-02T11:37:18","modified_gmt":"2020-12-02T03:37:18","slug":"he-thong-efms-ket-noi-internet","status":"publish","type":"page","link":"https:\/\/www.chiuyi.tw\/vi\/he-thong-efms-ket-noi-internet\/","title":{"rendered":"n\u1ec1n t\u1ea3ng eFMS"},"content":{"rendered":"\t\t<div data-elementor-type=\"wp-post\" data-elementor-id=\"3812\" class=\"elementor elementor-3812\">\n\t\t\t\t\t\t<div class=\"elementor-inner\">\n\t\t\t\t<div class=\"elementor-section-wrap\">\n\t\t\t\t\t\t\t\t\t<section class=\"elementor-section elementor-top-section elementor-element elementor-element-71f5031 elementor-section-boxed elementor-section-height-default elementor-section-height-default\" data-id=\"71f5031\" data-element_type=\"section\">\n\t\t\t\t\t\t<div class=\"elementor-container elementor-column-gap-default\">\n\t\t\t\t\t\t\t<div class=\"elementor-row\">\n\t\t\t\t\t<div class=\"elementor-column elementor-col-100 elementor-top-column elementor-element elementor-element-a194c3e\" data-id=\"a194c3e\" data-element_type=\"column\">\n\t\t\t<div class=\"elementor-column-wrap elementor-element-populated\">\n\t\t\t\t\t\t\t<div class=\"elementor-widget-wrap\">\n\t\t\t\t\t\t<div class=\"elementor-element elementor-element-90adaa8 elementor-widget elementor-widget-text-editor\" data-id=\"90adaa8\" data-element_type=\"widget\" data-widget_type=\"text-editor.default\">\n\t\t\t\t<div class=\"elementor-widget-container\">\n\t\t\t\t\t\t\t\t<div class=\"elementor-text-editor elementor-clearfix\">\n\t\t\t\t<p>H\u1ec7 th\u1ed1ng eFMS k\u1ebft n\u1ed1i internet ngo\u00e0i vi\u1ec7c cung c\u1ea5p ch\u1ee9c n\u0103ng gi\u00e1m s\u00e1t \u0111\u1ecbnh v\u1ecb ph\u01b0\u01a1ng ti\u1ec7n t\u1ee9c th\u1eddi, c\u00f2n c\u00f3 th\u1ec3 cung c\u1ea5p c\u00e1c ch\u1ee9c n\u0103ng kh\u00e1c nhau t\u00f9y theo thi\u1ebft b\u1ecb c\u1ee7a kh\u00e1ch h\u00e0ng. N\u00f3 bao g\u1ed3m video t\u1ee9c th\u00ec, l\u1ecbch s\u1eed l\u00e1i xe, c\u1ea3nh b\u00e1o s\u1ef1 ki\u1ec7n, theo d\u00f5i ph\u1ea1m vi h\u00e0nh \u0111\u1ed9ng v\u00e0 c\u00e1c b\u00e1o c\u00e1o kh\u00e1c nhau.<\/p>\n<p>Cho d\u00f9 \u0111\u00f3 l\u00e0 cho m\u1ee5c \u0111\u00edch s\u1eed d\u1ee5ng c\u00e1 nh\u00e2n, gia \u0111\u00ecnh, \u1ee9ng d\u1ee5ng trong doanh nghi\u1ec7p ho\u1eb7c c\u00e1c d\u1ecbch v\u1ee5 trong nh\u1eefng l\u0129nh v\u1ef1c ng\u00e0nh ngh\u1ec1 kh\u00e1c nhau, eFMS \u0111\u1ec1u cung c\u1ea5p m\u1ed9t gi\u1ea3i ph\u00e1p ho\u00e0n ch\u1ec9nh.<\/p>\n\t\t\t\t\t<\/div>\n\t\t\t\t\t\t<\/div>\n\t\t\t\t<\/div>\n\t\t\t\t<div class=\"elementor-element elementor-element-979a8e7 elementor-button-success elementor-align-center elementor-widget elementor-widget-button\" data-id=\"979a8e7\" data-element_type=\"widget\" data-widget_type=\"button.default\">\n\t\t\t\t<div class=\"elementor-widget-container\">\n\t\t\t\t\t<div class=\"elementor-button-wrapper\">\n\t\t\t<a href=\"https:\/\/efms.chiuyi.com\/\" target=\"_blank\" class=\"elementor-button-link elementor-button elementor-size-md elementor-animation-float\" role=\"button\">\n\t\t\t\t\t\t<span class=\"elementor-button-content-wrapper\">\n\t\t\t\t\t\t\t<span class=\"elementor-button-icon elementor-align-icon-left\">\n\t\t\t\t<i aria-hidden=\"true\" class=\"fas fa-external-link-alt\"><\/i>\t\t\t<\/span>\n\t\t\t\t\t\t<span class=\"elementor-button-text\">T\u1edbi trang web demo.<\/span>\n\t\t<\/span>\n\t\t\t\t\t<\/a>\n\t\t<\/div>\n\t\t\t\t<\/div>\n\t\t\t\t<\/div>\n\t\t\t\t\t\t<\/div>\n\t\t\t\t\t<\/div>\n\t\t<\/div>\n\t\t\t\t\t\t\t\t<\/div>\n\t\t\t\t\t<\/div>\n\t\t<\/section>\n\t\t\t\t<section class=\"elementor-section elementor-top-section elementor-element elementor-element-ddf0b2e elementor-section-boxed elementor-section-height-default elementor-section-height-default\" data-id=\"ddf0b2e\" data-element_type=\"section\">\n\t\t\t\t\t\t<div class=\"elementor-container elementor-column-gap-default\">\n\t\t\t\t\t\t\t<div class=\"elementor-row\">\n\t\t\t\t\t<div class=\"elementor-column elementor-col-100 elementor-top-column elementor-element elementor-element-4ae0184\" data-id=\"4ae0184\" data-element_type=\"column\">\n\t\t\t<div class=\"elementor-column-wrap elementor-element-populated\">\n\t\t\t\t\t\t\t<div class=\"elementor-widget-wrap\">\n\t\t\t\t\t\t<div class=\"elementor-element elementor-element-d039214 elementor-widget elementor-widget-image\" data-id=\"d039214\" data-element_type=\"widget\" data-widget_type=\"image.default\">\n\t\t\t\t<div class=\"elementor-widget-container\">\n\t\t\t\t\t\t\t\t<div class=\"elementor-image\">\n\t\t\t\t\t\t\t\t\t\t\t\t<img width=\"768\" height=\"453\" src=\"https:\/\/www.chiuyi.tw\/wp\/wp-content\/uploads\/2019\/05\/eFMS-768x453.jpg\" class=\"attachment-medium_large size-medium_large\" alt=\"eFMS \u8eca\u806f\u7db2\u5e73\u53f0\" loading=\"lazy\" srcset=\"https:\/\/www.chiuyi.tw\/wp\/wp-content\/uploads\/2019\/05\/eFMS-768x453.jpg 768w, https:\/\/www.chiuyi.tw\/wp\/wp-content\/uploads\/2019\/05\/eFMS-360x213.jpg 360w, https:\/\/www.chiuyi.tw\/wp\/wp-content\/uploads\/2019\/05\/eFMS-1200x708.jpg 1200w, https:\/\/www.chiuyi.tw\/wp\/wp-content\/uploads\/2019\/05\/eFMS-180x106.jpg 180w, https:\/\/www.chiuyi.tw\/wp\/wp-content\/uploads\/2019\/05\/eFMS.jpg 1440w\" sizes=\"(max-width: 768px) 100vw, 768px\" \/>\t\t\t\t\t\t\t\t\t\t\t\t\t\t<\/div>\n\t\t\t\t\t\t<\/div>\n\t\t\t\t<\/div>\n\t\t\t\t\t\t<\/div>\n\t\t\t\t\t<\/div>\n\t\t<\/div>\n\t\t\t\t\t\t\t\t<\/div>\n\t\t\t\t\t<\/div>\n\t\t<\/section>\n\t\t\t\t\t\t\t\t\t<\/div>\n\t\t\t<\/div>\n\t\t\t\t\t<\/div>\n\t\t","protected":false},"excerpt":{"rendered":"<p>H\u1ec7 th\u1ed1ng eFMS k\u1ebft n\u1ed1i internet ngo\u00e0i vi\u1ec7c cung c\u1ea5p ch\u1ee9c n\u0103ng gi\u00e1m s\u00e1t \u0111\u1ecbnh v\u1ecb ph\u01b0\u01a1ng ti\u1ec7n t\u1ee9c th\u1eddi, c\u00f2n c\u00f3 th\u1ec3 cung c\u1ea5p c\u00e1c ch\u1ee9c n\u0103ng kh\u00e1c nhau t\u00f9y theo thi\u1ebft b\u1ecb c\u1ee7a kh\u00e1ch h\u00e0ng. N\u00f3 bao g\u1ed3m video t\u1ee9c th\u00ec, l\u1ecbch s\u1eed l\u00e1i xe, c\u1ea3nh b\u00e1o s\u1ef1 ki\u1ec7n, theo d\u00f5i ph\u1ea1m vi h\u00e0nh \u0111\u1ed9ng v\u00e0 c\u00e1c b\u00e1o c\u00e1o kh\u00e1c nhau.<\/p>\n","protected":false},"author":1,"featured_media":0,"parent":0,"menu_order":140,"comment_status":"closed","ping_status":"closed","template":"","meta":{"site-sidebar-layout":"default","site-content-layout":"default","ast-global-header-display":"","ast-main-header-display":"","ast-hfb-above-header-display":"","ast-hfb-below-header-display":"","ast-hfb-mobile-header-display":"","site-post-title":"","ast-breadcrumbs-content":"","ast-featured-img":"disabled","footer-sml-layout":"","theme-transparent-header-meta":"default","adv-header-id-meta":"","stick-header-meta":"","header-above-stick-meta":"","header-main-stick-meta":"","header-below-stick-meta":""},"_links":{"self":[{"href":"https:\/\/www.chiuyi.tw\/vi\/wp-json\/wp\/v2\/pages\/3812"}],"collection":[{"href":"https:\/\/www.chiuyi.tw\/vi\/wp-json\/wp\/v2\/pages"}],"about":[{"href":"https:\/\/www.chiuyi.tw\/vi\/wp-json\/wp\/v2\/types\/page"}],"author":[{"embeddable":true,"href":"https:\/\/www.chiuyi.tw\/vi\/wp-json\/wp\/v2\/users\/1"}],"replies":[{"embeddable":true,"href":"https:\/\/www.chiuyi.tw\/vi\/wp-json\/wp\/v2\/comments?post=3812"}],"version-history":[{"count":0,"href":"https:\/\/www.chiuyi.tw\/vi\/wp-json\/wp\/v2\/pages\/3812\/revisions"}],"wp:attachment":[{"href":"https:\/\/www.chiuyi.tw\/vi\/wp-json\/wp\/v2\/media?parent=3812"}],"curies":[{"name":"wp","href":"https:\/\/api.w.org\/{rel}","templated":true}]}}