{"id":3814,"date":"2020-08-20T17:34:29","date_gmt":"2020-08-20T09:34:29","guid":{"rendered":"https:\/\/www.chiuyi.tw\/wpsmt-oem\/"},"modified":"2021-07-12T15:55:37","modified_gmt":"2021-07-12T07:55:37","slug":"smt-oem","status":"publish","type":"page","link":"https:\/\/www.chiuyi.tw\/vi\/smt-oem\/","title":{"rendered":"SMT OEM"},"content":{"rendered":"\t\t<div data-elementor-type=\"wp-post\" data-elementor-id=\"3814\" class=\"elementor elementor-3814 elementor-1524\">\n\t\t\t\t\t\t<div class=\"elementor-inner\">\n\t\t\t\t<div class=\"elementor-section-wrap\">\n\t\t\t\t\t\t\t\t\t<section class=\"elementor-section elementor-top-section elementor-element elementor-element-03ce0fd elementor-section-full_width elementor-section-height-default elementor-section-height-default\" data-id=\"03ce0fd\" data-element_type=\"section\">\n\t\t\t\t\t\t<div class=\"elementor-container elementor-column-gap-no\">\n\t\t\t\t\t\t\t<div class=\"elementor-row\">\n\t\t\t\t\t<div class=\"elementor-column elementor-col-100 elementor-top-column elementor-element elementor-element-2939bc5\" data-id=\"2939bc5\" data-element_type=\"column\">\n\t\t\t<div class=\"elementor-column-wrap elementor-element-populated\">\n\t\t\t\t\t\t\t<div class=\"elementor-widget-wrap\">\n\t\t\t\t\t\t<div class=\"elementor-element elementor-element-efa2978 elementor-widget elementor-widget-image\" data-id=\"efa2978\" data-element_type=\"widget\" data-widget_type=\"image.default\">\n\t\t\t\t<div class=\"elementor-widget-container\">\n\t\t\t\t\t\t\t\t<div class=\"elementor-image\">\n\t\t\t\t\t\t\t\t\t\t\t\t<img width=\"1920\" height=\"360\" src=\"https:\/\/www.chiuyi.tw\/wp\/wp-content\/uploads\/2019\/10\/SMT-DIP.jpg\" class=\"attachment-full size-full\" alt=\"\u8d8a\u5357\u4e45\u76ca\u80a1\u4efd\u6709\u9650\u516c\u53f8 SMT \u5c08\u696d\u4ee3\u5de5\" loading=\"lazy\" srcset=\"https:\/\/www.chiuyi.tw\/wp\/wp-content\/uploads\/2019\/10\/SMT-DIP.jpg 1920w, https:\/\/www.chiuyi.tw\/wp\/wp-content\/uploads\/2019\/10\/SMT-DIP-360x68.jpg 360w, https:\/\/www.chiuyi.tw\/wp\/wp-content\/uploads\/2019\/10\/SMT-DIP-1200x225.jpg 1200w, https:\/\/www.chiuyi.tw\/wp\/wp-content\/uploads\/2019\/10\/SMT-DIP-180x34.jpg 180w, https:\/\/www.chiuyi.tw\/wp\/wp-content\/uploads\/2019\/10\/SMT-DIP-768x144.jpg 768w, https:\/\/www.chiuyi.tw\/wp\/wp-content\/uploads\/2019\/10\/SMT-DIP-1536x288.jpg 1536w\" sizes=\"(max-width: 1920px) 100vw, 1920px\" \/>\t\t\t\t\t\t\t\t\t\t\t\t\t\t<\/div>\n\t\t\t\t\t\t<\/div>\n\t\t\t\t<\/div>\n\t\t\t\t\t\t<\/div>\n\t\t\t\t\t<\/div>\n\t\t<\/div>\n\t\t\t\t\t\t\t\t<\/div>\n\t\t\t\t\t<\/div>\n\t\t<\/section>\n\t\t\t\t<section class=\"elementor-section elementor-top-section elementor-element elementor-element-8d23fa3 elementor-section-boxed elementor-section-height-default elementor-section-height-default\" data-id=\"8d23fa3\" data-element_type=\"section\">\n\t\t\t\t\t\t<div class=\"elementor-container elementor-column-gap-default\">\n\t\t\t\t\t\t\t<div class=\"elementor-row\">\n\t\t\t\t\t<div class=\"elementor-column elementor-col-100 elementor-top-column elementor-element elementor-element-d622b54\" data-id=\"d622b54\" data-element_type=\"column\">\n\t\t\t<div class=\"elementor-column-wrap elementor-element-populated\">\n\t\t\t\t\t\t\t<div class=\"elementor-widget-wrap\">\n\t\t\t\t\t\t<div class=\"elementor-element elementor-element-7b77566 elementor-widget elementor-widget-text-editor\" data-id=\"7b77566\" data-element_type=\"widget\" data-widget_type=\"text-editor.default\">\n\t\t\t\t<div class=\"elementor-widget-container\">\n\t\t\t\t\t\t\t\t<div class=\"elementor-text-editor elementor-clearfix\">\n\t\t\t\t<p>CHIU YI VI\u1ec6T NAM cung c\u1ea5p c\u00e1c d\u00e2y chuy\u1ec1n s\u1ea3n xu\u1ea5t v\u00e0 quy tr\u00ecnh s\u1ea3n xu\u1ea5t SMT, bao g\u1ed3m v\u1ecb tr\u00ed SMT t\u1ed1c \u0111\u1ed9 cao v\u00e0 \u0111\u1ed9 ch\u00ednh x\u00e1c cao.<\/p>\n<ul>\n<li>L\u1eafp r\u00e1p c\u00e1c PCB m\u1ecfng, v\u1ecb tr\u00ed \u0111\u1eb7c bi\u1ec7t, ch\u1ea5t li\u1ec7u m\u1ec1m.<\/li>\n<li>L\u1eafp r\u00e1p PCB l\u1edbn, kh\u00f4ng \u0111i\u1ec3n h\u00ecnh. (V\u00ed d\u1ee5: h\u00ecnh thang, h\u00ecnh tr\u00f2n)<\/li>\n<li>L\u1eafp r\u00e1p \u0111\u1ebf g\u1ed1m.<\/li>\n<li>L\u1eafp r\u00e1p PCB \u0111\u1ebf nh\u00f4m.<\/li>\n<li>L\u1eafp r\u00e1p SMT.<\/li>\n<li>uBGA, chip l\u1eadt, c\u00f4ng ngh\u1ec7 l\u1eafp r\u00e1p CSP<\/li>\n<\/ul>\n<p>Ngo\u00e0i ra c\u00f2n c\u00f3 m\u1ed9t d\u00e2y chuy\u1ec1n s\u1ea3n xu\u1ea5t DIP bao g\u1ed3m c\u00e1p c\u1eafm tuy\u1ebfn t\u00ednh 12M v\u00e0 n\u1ed3i h\u00e0n kh\u00f4ng ch\u00ec t\u1ef1 \u0111\u1ed9ng. C\u00f3 d\u00e2y chuy\u1ec1n l\u1eafp r\u00e1p, d\u00e2y chuy\u1ec1n \u0111\u00f3ng g\u00f3i, d\u00e2y chuy\u1ec1n th\u1eed nghi\u1ec7m, vv, c\u00f3 th\u1ec3 c\u0103n c\u1ee9 nhu c\u1ea7u c\u1ee7a kh\u00e1ch h\u00e0ng linh ho\u1ea1t \u0111i\u1ec1u ch\u1ec9nh s\u1ed1 l\u01b0\u1ee3ng nh\u00e2n vi\u00ean t\u00e1c nghi\u1ec7p.<\/p>\n\t\t\t\t\t<\/div>\n\t\t\t\t\t\t<\/div>\n\t\t\t\t<\/div>\n\t\t\t\t<div class=\"elementor-element elementor-element-1a82cc2 elementor-button-info elementor-align-center elementor-widget elementor-widget-button\" data-id=\"1a82cc2\" data-element_type=\"widget\" data-widget_type=\"button.default\">\n\t\t\t\t<div class=\"elementor-widget-container\">\n\t\t\t\t\t<div class=\"elementor-button-wrapper\">\n\t\t\t<a href=\"https:\/\/www.chiuyi.tw\/vi\/lien-he\/\" class=\"elementor-button-link elementor-button elementor-size-md elementor-animation-float\" role=\"button\">\n\t\t\t\t\t\t<span class=\"elementor-button-content-wrapper\">\n\t\t\t\t\t\t\t<span class=\"elementor-button-icon elementor-align-icon-left\">\n\t\t\t\t<i aria-hidden=\"true\" class=\"fas fa-question-circle\"><\/i>\t\t\t<\/span>\n\t\t\t\t\t\t<span class=\"elementor-button-text\">Mu\u1ed1n bi\u1ebft th\u00f4ng tin v\u1ec1 gia c\u00f4ng EMS, h\u00e3y li\u00ean l\u1ea1c v\u1edbi ch\u00fang t\u00f4i.<\/span>\n\t\t<\/span>\n\t\t\t\t\t<\/a>\n\t\t<\/div>\n\t\t\t\t<\/div>\n\t\t\t\t<\/div>\n\t\t\t\t\t\t<\/div>\n\t\t\t\t\t<\/div>\n\t\t<\/div>\n\t\t\t\t\t\t\t\t<\/div>\n\t\t\t\t\t<\/div>\n\t\t<\/section>\n\t\t\t\t<section class=\"elementor-section elementor-top-section elementor-element elementor-element-0aaa04b elementor-section-full_width elementor-section-height-default elementor-section-height-default\" data-id=\"0aaa04b\" data-element_type=\"section\">\n\t\t\t\t\t\t<div class=\"elementor-container elementor-column-gap-narrow\">\n\t\t\t\t\t\t\t<div class=\"elementor-row\">\n\t\t\t\t\t<div class=\"elementor-column elementor-col-25 elementor-top-column elementor-element elementor-element-1bbb4f0\" data-id=\"1bbb4f0\" data-element_type=\"column\">\n\t\t\t<div class=\"elementor-column-wrap elementor-element-populated\">\n\t\t\t\t\t\t\t<div class=\"elementor-widget-wrap\">\n\t\t\t\t\t\t<div class=\"elementor-element elementor-element-24a98a8 elementor-widget elementor-widget-image\" data-id=\"24a98a8\" data-element_type=\"widget\" data-widget_type=\"image.default\">\n\t\t\t\t<div class=\"elementor-widget-container\">\n\t\t\t\t\t\t\t\t<div class=\"elementor-image\">\n\t\t\t\t\t\t\t\t\t\t\t\t\t<a href=\"https:\/\/www.chiuyi.tw\/wp\/wp-content\/uploads\/2019\/10\/SMT-BOARD-LOADER-1200x900.jpg\" data-elementor-open-lightbox=\"yes\" data-elementor-lightbox-title=\"SMT-BOARD-LOADER-1200x900\" e-action-hash=\"#elementor-action%3Aaction%3Dlightbox%26settings%3DeyJpZCI6MzQyMCwidXJsIjoiaHR0cHM6XC9cL3d3dy5jaGl1eWkudHdcL3dwXC93cC1jb250ZW50XC91cGxvYWRzXC8yMDE5XC8xMFwvU01ULUJPQVJELUxPQURFUi0xMjAweDkwMC5qcGcifQ%3D%3D\">\n\t\t\t\t\t\t\t<img width=\"1200\" height=\"900\" src=\"https:\/\/www.chiuyi.tw\/wp\/wp-content\/uploads\/2019\/10\/SMT-BOARD-LOADER-1200x900.jpg\" class=\"attachment-large size-large\" alt=\"\" loading=\"lazy\" srcset=\"https:\/\/www.chiuyi.tw\/wp\/wp-content\/uploads\/2019\/10\/SMT-BOARD-LOADER-1200x900.jpg 1200w, https:\/\/www.chiuyi.tw\/wp\/wp-content\/uploads\/2019\/10\/SMT-BOARD-LOADER-1200x900-360x270.jpg 360w, https:\/\/www.chiuyi.tw\/wp\/wp-content\/uploads\/2019\/10\/SMT-BOARD-LOADER-1200x900-180x135.jpg 180w, https:\/\/www.chiuyi.tw\/wp\/wp-content\/uploads\/2019\/10\/SMT-BOARD-LOADER-1200x900-768x576.jpg 768w\" sizes=\"(max-width: 1200px) 100vw, 1200px\" \/>\t\t\t\t\t\t\t\t<\/a>\n\t\t\t\t\t\t\t\t\t\t\t\t\t\t<\/div>\n\t\t\t\t\t\t<\/div>\n\t\t\t\t<\/div>\n\t\t\t\t\t\t<\/div>\n\t\t\t\t\t<\/div>\n\t\t<\/div>\n\t\t\t\t<div class=\"elementor-column elementor-col-25 elementor-top-column elementor-element elementor-element-6bc6d5f\" data-id=\"6bc6d5f\" data-element_type=\"column\">\n\t\t\t<div class=\"elementor-column-wrap elementor-element-populated\">\n\t\t\t\t\t\t\t<div class=\"elementor-widget-wrap\">\n\t\t\t\t\t\t<div class=\"elementor-element elementor-element-e9b96de elementor-widget elementor-widget-image\" data-id=\"e9b96de\" data-element_type=\"widget\" data-widget_type=\"image.default\">\n\t\t\t\t<div class=\"elementor-widget-container\">\n\t\t\t\t\t\t\t\t<div class=\"elementor-image\">\n\t\t\t\t\t\t\t\t\t\t\t\t\t<a href=\"https:\/\/www.chiuyi.tw\/wp\/wp-content\/uploads\/2019\/10\/SMT-DIP-ASSEMB-1200x900.jpg\" data-elementor-open-lightbox=\"yes\" data-elementor-lightbox-title=\"SMT-DIP-ASSEMB-1200x900\" e-action-hash=\"#elementor-action%3Aaction%3Dlightbox%26settings%3DeyJpZCI6MzQyMSwidXJsIjoiaHR0cHM6XC9cL3d3dy5jaGl1eWkudHdcL3dwXC93cC1jb250ZW50XC91cGxvYWRzXC8yMDE5XC8xMFwvU01ULURJUC1BU1NFTUItMTIwMHg5MDAuanBnIn0%3D\">\n\t\t\t\t\t\t\t<img width=\"1200\" height=\"900\" src=\"https:\/\/www.chiuyi.tw\/wp\/wp-content\/uploads\/2019\/10\/SMT-DIP-ASSEMB-1200x900.jpg\" class=\"attachment-large size-large\" alt=\"\" loading=\"lazy\" srcset=\"https:\/\/www.chiuyi.tw\/wp\/wp-content\/uploads\/2019\/10\/SMT-DIP-ASSEMB-1200x900.jpg 1200w, https:\/\/www.chiuyi.tw\/wp\/wp-content\/uploads\/2019\/10\/SMT-DIP-ASSEMB-1200x900-360x270.jpg 360w, https:\/\/www.chiuyi.tw\/wp\/wp-content\/uploads\/2019\/10\/SMT-DIP-ASSEMB-1200x900-180x135.jpg 180w, https:\/\/www.chiuyi.tw\/wp\/wp-content\/uploads\/2019\/10\/SMT-DIP-ASSEMB-1200x900-768x576.jpg 768w\" sizes=\"(max-width: 1200px) 100vw, 1200px\" \/>\t\t\t\t\t\t\t\t<\/a>\n\t\t\t\t\t\t\t\t\t\t\t\t\t\t<\/div>\n\t\t\t\t\t\t<\/div>\n\t\t\t\t<\/div>\n\t\t\t\t\t\t<\/div>\n\t\t\t\t\t<\/div>\n\t\t<\/div>\n\t\t\t\t<div class=\"elementor-column elementor-col-25 elementor-top-column elementor-element elementor-element-390b529\" data-id=\"390b529\" data-element_type=\"column\">\n\t\t\t<div class=\"elementor-column-wrap elementor-element-populated\">\n\t\t\t\t\t\t\t<div class=\"elementor-widget-wrap\">\n\t\t\t\t\t\t<div class=\"elementor-element elementor-element-dc17cf9 elementor-widget elementor-widget-image\" data-id=\"dc17cf9\" data-element_type=\"widget\" data-widget_type=\"image.default\">\n\t\t\t\t<div class=\"elementor-widget-container\">\n\t\t\t\t\t\t\t\t<div class=\"elementor-image\">\n\t\t\t\t\t\t\t\t\t\t\t\t\t<a href=\"https:\/\/www.chiuyi.tw\/wp\/wp-content\/uploads\/2019\/10\/SMT-LINE-1-1200x900.jpg\" data-elementor-open-lightbox=\"yes\" data-elementor-lightbox-title=\"SMT-LINE-1-1200x900\" e-action-hash=\"#elementor-action%3Aaction%3Dlightbox%26settings%3DeyJpZCI6MzQyMiwidXJsIjoiaHR0cHM6XC9cL3d3dy5jaGl1eWkudHdcL3dwXC93cC1jb250ZW50XC91cGxvYWRzXC8yMDE5XC8xMFwvU01ULUxJTkUtMS0xMjAweDkwMC5qcGcifQ%3D%3D\">\n\t\t\t\t\t\t\t<img width=\"1200\" height=\"900\" src=\"https:\/\/www.chiuyi.tw\/wp\/wp-content\/uploads\/2019\/10\/SMT-LINE-1-1200x900.jpg\" class=\"attachment-large size-large\" alt=\"\" loading=\"lazy\" srcset=\"https:\/\/www.chiuyi.tw\/wp\/wp-content\/uploads\/2019\/10\/SMT-LINE-1-1200x900.jpg 1200w, https:\/\/www.chiuyi.tw\/wp\/wp-content\/uploads\/2019\/10\/SMT-LINE-1-1200x900-360x270.jpg 360w, https:\/\/www.chiuyi.tw\/wp\/wp-content\/uploads\/2019\/10\/SMT-LINE-1-1200x900-180x135.jpg 180w, https:\/\/www.chiuyi.tw\/wp\/wp-content\/uploads\/2019\/10\/SMT-LINE-1-1200x900-768x576.jpg 768w\" sizes=\"(max-width: 1200px) 100vw, 1200px\" \/>\t\t\t\t\t\t\t\t<\/a>\n\t\t\t\t\t\t\t\t\t\t\t\t\t\t<\/div>\n\t\t\t\t\t\t<\/div>\n\t\t\t\t<\/div>\n\t\t\t\t\t\t<\/div>\n\t\t\t\t\t<\/div>\n\t\t<\/div>\n\t\t\t\t<div class=\"elementor-column elementor-col-25 elementor-top-column elementor-element elementor-element-6ee3167\" data-id=\"6ee3167\" data-element_type=\"column\">\n\t\t\t<div class=\"elementor-column-wrap elementor-element-populated\">\n\t\t\t\t\t\t\t<div class=\"elementor-widget-wrap\">\n\t\t\t\t\t\t<div class=\"elementor-element elementor-element-60cd604 elementor-widget elementor-widget-image\" data-id=\"60cd604\" data-element_type=\"widget\" data-widget_type=\"image.default\">\n\t\t\t\t<div class=\"elementor-widget-container\">\n\t\t\t\t\t\t\t\t<div class=\"elementor-image\">\n\t\t\t\t\t\t\t\t\t\t\t\t\t<a href=\"https:\/\/www.chiuyi.tw\/wp\/wp-content\/uploads\/2019\/10\/SMT-LINE-2-1200x900.jpg\" data-elementor-open-lightbox=\"yes\" data-elementor-lightbox-title=\"SMT-LINE-2-1200x900\" e-action-hash=\"#elementor-action%3Aaction%3Dlightbox%26settings%3DeyJpZCI6MzQyMywidXJsIjoiaHR0cHM6XC9cL3d3dy5jaGl1eWkudHdcL3dwXC93cC1jb250ZW50XC91cGxvYWRzXC8yMDE5XC8xMFwvU01ULUxJTkUtMi0xMjAweDkwMC5qcGcifQ%3D%3D\">\n\t\t\t\t\t\t\t<img width=\"1200\" height=\"900\" src=\"https:\/\/www.chiuyi.tw\/wp\/wp-content\/uploads\/2019\/10\/SMT-LINE-2-1200x900.jpg\" class=\"attachment-large size-large\" alt=\"\" loading=\"lazy\" srcset=\"https:\/\/www.chiuyi.tw\/wp\/wp-content\/uploads\/2019\/10\/SMT-LINE-2-1200x900.jpg 1200w, https:\/\/www.chiuyi.tw\/wp\/wp-content\/uploads\/2019\/10\/SMT-LINE-2-1200x900-360x270.jpg 360w, https:\/\/www.chiuyi.tw\/wp\/wp-content\/uploads\/2019\/10\/SMT-LINE-2-1200x900-180x135.jpg 180w, https:\/\/www.chiuyi.tw\/wp\/wp-content\/uploads\/2019\/10\/SMT-LINE-2-1200x900-768x576.jpg 768w\" sizes=\"(max-width: 1200px) 100vw, 1200px\" \/>\t\t\t\t\t\t\t\t<\/a>\n\t\t\t\t\t\t\t\t\t\t\t\t\t\t<\/div>\n\t\t\t\t\t\t<\/div>\n\t\t\t\t<\/div>\n\t\t\t\t\t\t<\/div>\n\t\t\t\t\t<\/div>\n\t\t<\/div>\n\t\t\t\t\t\t\t\t<\/div>\n\t\t\t\t\t<\/div>\n\t\t<\/section>\n\t\t\t\t\t\t\t\t\t<\/div>\n\t\t\t<\/div>\n\t\t\t\t\t<\/div>\n\t\t","protected":false},"excerpt":{"rendered":"<p>CHIU YI VI\u1ec6T NAM cung c\u1ea5p c\u00e1c d\u00e2y chuy\u1ec1n s\u1ea3n xu\u1ea5t v\u00e0 quy tr\u00ecnh s\u1ea3n xu\u1ea5t SMT, bao g\u1ed3m v\u1ecb tr\u00ed SMT t\u1ed1c \u0111\u1ed9 cao v\u00e0 \u0111\u1ed9 ch\u00ednh x\u00e1c cao. Ngo\u00e0i ra c\u00f2n c\u00f3 m\u1ed9t d\u00e2y chuy\u1ec1n s\u1ea3n xu\u1ea5t DIP, c\u0169ng nh\u01b0 m\u1ed9t d\u00e2y chuy\u1ec1n l\u1eafp r\u00e1p, d\u00e2y chuy\u1ec1n \u0111\u00f3ng g\u00f3i, d\u00e2y chuy\u1ec1n ki\u1ec3m tra, v.v. v\u00e0 s\u1ed1 l\u01b0\u1ee3ng ng\u01b0\u1eddi v\u1eadn h\u00e0nh c\u00f3 th\u1ec3 \u0111\u01b0\u1ee3c tri\u1ec3n khai linh ho\u1ea1t theo nhu c\u1ea7u c\u1ee7a kh\u00e1ch h\u00e0ng.<\/p>\n","protected":false},"author":1,"featured_media":0,"parent":0,"menu_order":130,"comment_status":"closed","ping_status":"closed","template":"","meta":{"site-sidebar-layout":"default","site-content-layout":"default","ast-global-header-display":"","ast-main-header-display":"","ast-hfb-above-header-display":"","ast-hfb-below-header-display":"","ast-hfb-mobile-header-display":"","site-post-title":"","ast-breadcrumbs-content":"","ast-featured-img":"disabled","footer-sml-layout":"","theme-transparent-header-meta":"default","adv-header-id-meta":"","stick-header-meta":"","header-above-stick-meta":"","header-main-stick-meta":"","header-below-stick-meta":""},"_links":{"self":[{"href":"https:\/\/www.chiuyi.tw\/vi\/wp-json\/wp\/v2\/pages\/3814"}],"collection":[{"href":"https:\/\/www.chiuyi.tw\/vi\/wp-json\/wp\/v2\/pages"}],"about":[{"href":"https:\/\/www.chiuyi.tw\/vi\/wp-json\/wp\/v2\/types\/page"}],"author":[{"embeddable":true,"href":"https:\/\/www.chiuyi.tw\/vi\/wp-json\/wp\/v2\/users\/1"}],"replies":[{"embeddable":true,"href":"https:\/\/www.chiuyi.tw\/vi\/wp-json\/wp\/v2\/comments?post=3814"}],"version-history":[{"count":0,"href":"https:\/\/www.chiuyi.tw\/vi\/wp-json\/wp\/v2\/pages\/3814\/revisions"}],"wp:attachment":[{"href":"https:\/\/www.chiuyi.tw\/vi\/wp-json\/wp\/v2\/media?parent=3814"}],"curies":[{"name":"wp","href":"https:\/\/api.w.org\/{rel}","templated":true}]}}