{"id":3816,"date":"2020-08-20T17:41:25","date_gmt":"2020-08-20T09:41:25","guid":{"rendered":"https:\/\/www.chiuyi.tw\/wpcac-san-pham\/"},"modified":"2021-07-12T15:09:05","modified_gmt":"2021-07-12T07:09:05","slug":"cac-san-pham","status":"publish","type":"page","link":"https:\/\/www.chiuyi.tw\/vi\/cac-san-pham\/","title":{"rendered":"C\u00e1c S\u1ea3n Ph\u1ea9m"},"content":{"rendered":"\t\t<div data-elementor-type=\"wp-post\" data-elementor-id=\"3816\" class=\"elementor elementor-3816 elementor-1521\">\n\t\t\t\t\t\t<div class=\"elementor-inner\">\n\t\t\t\t<div class=\"elementor-section-wrap\">\n\t\t\t\t\t\t\t\t\t<section class=\"elementor-section elementor-top-section elementor-element elementor-element-4932856 elementor-section-full_width elementor-section-height-default elementor-section-height-default\" data-id=\"4932856\" data-element_type=\"section\">\n\t\t\t\t\t\t<div class=\"elementor-container elementor-column-gap-no\">\n\t\t\t\t\t\t\t<div class=\"elementor-row\">\n\t\t\t\t\t<div class=\"elementor-column elementor-col-100 elementor-top-column elementor-element elementor-element-a876818\" data-id=\"a876818\" data-element_type=\"column\">\n\t\t\t<div class=\"elementor-column-wrap elementor-element-populated\">\n\t\t\t\t\t\t\t<div class=\"elementor-widget-wrap\">\n\t\t\t\t\t\t<div class=\"elementor-element elementor-element-193fc5f elementor-widget elementor-widget-image\" data-id=\"193fc5f\" data-element_type=\"widget\" data-widget_type=\"image.default\">\n\t\t\t\t<div class=\"elementor-widget-container\">\n\t\t\t\t\t\t\t\t<div class=\"elementor-image\">\n\t\t\t\t\t\t\t\t\t\t\t\t<img width=\"1920\" height=\"360\" src=\"https:\/\/www.chiuyi.tw\/wp\/wp-content\/uploads\/2019\/10\/PostHead-Product.jpg\" class=\"attachment-full size-full\" alt=\"\u8d8a\u5357\u4e45\u76ca\u80a1\u4efd\u6709\u9650\u516c\u53f8 \u7522\u54c1\" loading=\"lazy\" srcset=\"https:\/\/www.chiuyi.tw\/wp\/wp-content\/uploads\/2019\/10\/PostHead-Product.jpg 1920w, https:\/\/www.chiuyi.tw\/wp\/wp-content\/uploads\/2019\/10\/PostHead-Product-360x68.jpg 360w, https:\/\/www.chiuyi.tw\/wp\/wp-content\/uploads\/2019\/10\/PostHead-Product-1200x225.jpg 1200w, https:\/\/www.chiuyi.tw\/wp\/wp-content\/uploads\/2019\/10\/PostHead-Product-180x34.jpg 180w, https:\/\/www.chiuyi.tw\/wp\/wp-content\/uploads\/2019\/10\/PostHead-Product-768x144.jpg 768w, https:\/\/www.chiuyi.tw\/wp\/wp-content\/uploads\/2019\/10\/PostHead-Product-1536x288.jpg 1536w\" sizes=\"(max-width: 1920px) 100vw, 1920px\" \/>\t\t\t\t\t\t\t\t\t\t\t\t\t\t<\/div>\n\t\t\t\t\t\t<\/div>\n\t\t\t\t<\/div>\n\t\t\t\t\t\t<\/div>\n\t\t\t\t\t<\/div>\n\t\t<\/div>\n\t\t\t\t\t\t\t\t<\/div>\n\t\t\t\t\t<\/div>\n\t\t<\/section>\n\t\t\t\t<section class=\"elementor-section elementor-top-section elementor-element elementor-element-6f569a3 elementor-section-boxed elementor-section-height-default elementor-section-height-default\" data-id=\"6f569a3\" data-element_type=\"section\">\n\t\t\t\t\t\t<div class=\"elementor-container elementor-column-gap-default\">\n\t\t\t\t\t\t\t<div class=\"elementor-row\">\n\t\t\t\t\t<div class=\"elementor-column elementor-col-100 elementor-top-column elementor-element elementor-element-01b738b\" data-id=\"01b738b\" data-element_type=\"column\">\n\t\t\t<div class=\"elementor-column-wrap elementor-element-populated\">\n\t\t\t\t\t\t\t<div class=\"elementor-widget-wrap\">\n\t\t\t\t\t\t<div class=\"elementor-element elementor-element-d1f4ad7 elementor-widget elementor-widget-text-editor\" data-id=\"d1f4ad7\" data-element_type=\"widget\" data-widget_type=\"text-editor.default\">\n\t\t\t\t<div class=\"elementor-widget-container\">\n\t\t\t\t\t\t\t\t<div class=\"elementor-text-editor elementor-clearfix\">\n\t\t\t\t<p>S\u1ea3n ph\u1ea9m ch\u1ee7 y\u1ebfu c\u1ee7a c\u00f4ng ty bao g\u1ed3m: \u0111\u1ed3ng h\u1ed3 LCD, \u0111\u1ed3ng h\u1ed3 k\u1ef9 thu\u1eadt s\u1ed1, d\u00e2y \u0111i\u1ec7n, d\u00e2y \u0111i\u1ec7n tr\u1edf, b\u1ed9 b\u00e1o x\u0103ng, c\u00e1c lo\u1ea1i d\u00e2y cho \u1ed5 kh\u00f3a, d\u00e2y \u1eafc quy \u2026 cho \u00f4 t\u00f4 v\u00e0 xe m\u00e1y. C\u00f4ng ty c\u0169ng nh\u1eadn s\u1ea3n xu\u1ea5t \u1ee7y th\u00e1c OEM v\u00e0 ODM. Trong nh\u1eefng n\u0103m qua, ch\u00fang t\u00f4i \u0111\u00e3 theo s\u00e1t kh\u00e1ch h\u00e0ng v\u00e0 g\u1eafn k\u1ebft l\u1ee3i \u00edch c\u0169ng nh\u01b0 tr\u00e1ch nhi\u1ec7m v\u1edbi kh\u00e1ch h\u00e0ng, ki\u00ean tr\u00ec tri\u1ebft l\u00fd \u0111\u00f4i b\u00ean c\u00f9ng c\u00f3 l\u1ee3i. Ph\u1ea5n \u0111\u1ea5u tr\u1edf th\u00e0nh l\u1ef1c l\u01b0\u1ee3ng h\u1ed7 tr\u1ee3 v\u1eefng m\u1ea1nh nh\u1ea5t c\u1ee7a kh\u00e1ch h\u00e0ng, l\u00e0 nguy\u00ean t\u1eafc m\u00e0 ch\u00fang t\u00f4i theo \u0111u\u1ed5i.<\/p>\n<p>CHIU YI VI\u1ec6T NAM cung c\u1ea5p c\u00e1c d\u00e2y chuy\u1ec1n s\u1ea3n xu\u1ea5t v\u00e0 quy tr\u00ecnh s\u1ea3n xu\u1ea5t SMT, bao g\u1ed3m v\u1ecb tr\u00ed SMT t\u1ed1c \u0111\u1ed9 cao v\u00e0 \u0111\u1ed9 ch\u00ednh x\u00e1c cao, v\u00e0 cung c\u1ea5p nhi\u1ec1u kh\u1ea3 n\u0103ng quy tr\u00ecnh kh\u00e1c nhau.<\/p>\n\t\t\t\t\t<\/div>\n\t\t\t\t\t\t<\/div>\n\t\t\t\t<\/div>\n\t\t\t\t\t\t<\/div>\n\t\t\t\t\t<\/div>\n\t\t<\/div>\n\t\t\t\t\t\t\t\t<\/div>\n\t\t\t\t\t<\/div>\n\t\t<\/section>\n\t\t\t\t<section class=\"elementor-section elementor-top-section elementor-element elementor-element-f9bae36 elementor-section-boxed elementor-section-height-default elementor-section-height-default\" data-id=\"f9bae36\" data-element_type=\"section\">\n\t\t\t\t\t\t<div class=\"elementor-container elementor-column-gap-default\">\n\t\t\t\t\t\t\t<div class=\"elementor-row\">\n\t\t\t\t\t<div class=\"elementor-column elementor-col-50 elementor-top-column elementor-element elementor-element-4bff6d7\" data-id=\"4bff6d7\" data-element_type=\"column\">\n\t\t\t<div class=\"elementor-column-wrap elementor-element-populated\">\n\t\t\t\t\t\t\t<div class=\"elementor-widget-wrap\">\n\t\t\t\t\t\t<div class=\"elementor-element elementor-element-d34892a elementor-widget elementor-widget-image\" data-id=\"d34892a\" data-element_type=\"widget\" data-widget_type=\"image.default\">\n\t\t\t\t<div class=\"elementor-widget-container\">\n\t\t\t\t\t\t\t\t<div class=\"elementor-image\">\n\t\t\t\t\t\t\t\t\t<figure class=\"wp-caption\">\n\t\t\t\t\t\t\t\t\t\t<img width=\"600\" height=\"400\" src=\"https:\/\/www.chiuyi.tw\/wp\/wp-content\/uploads\/2019\/10\/SMT-LINE-2.jpg\" class=\"attachment-large size-large\" alt=\"\u8d8a\u5357\u4e45\u76ca\u6709\u9650\u516c\u53f8 SMT LINE \u4ee3\u5de5\u751f\u7522 OEM\/ODM\" loading=\"lazy\" srcset=\"https:\/\/www.chiuyi.tw\/wp\/wp-content\/uploads\/2019\/10\/SMT-LINE-2.jpg 600w, https:\/\/www.chiuyi.tw\/wp\/wp-content\/uploads\/2019\/10\/SMT-LINE-2-360x240.jpg 360w, https:\/\/www.chiuyi.tw\/wp\/wp-content\/uploads\/2019\/10\/SMT-LINE-2-180x120.jpg 180w\" sizes=\"(max-width: 600px) 100vw, 600px\" \/>\t\t\t\t\t\t\t\t\t\t\t<figcaption class=\"widget-image-caption wp-caption-text\">SMT \/ DIP Line<\/figcaption>\n\t\t\t\t\t\t\t\t\t\t<\/figure>\n\t\t\t\t\t\t\t\t<\/div>\n\t\t\t\t\t\t<\/div>\n\t\t\t\t<\/div>\n\t\t\t\t\t\t<\/div>\n\t\t\t\t\t<\/div>\n\t\t<\/div>\n\t\t\t\t<div class=\"elementor-column elementor-col-50 elementor-top-column elementor-element elementor-element-053cc68\" data-id=\"053cc68\" data-element_type=\"column\">\n\t\t\t<div class=\"elementor-column-wrap elementor-element-populated\">\n\t\t\t\t\t\t\t<div class=\"elementor-widget-wrap\">\n\t\t\t\t\t\t<div class=\"elementor-element elementor-element-be27b53 elementor-widget elementor-widget-image\" data-id=\"be27b53\" data-element_type=\"widget\" data-widget_type=\"image.default\">\n\t\t\t\t<div class=\"elementor-widget-container\">\n\t\t\t\t\t\t\t\t<div class=\"elementor-image\">\n\t\t\t\t\t\t\t\t\t<figure class=\"wp-caption\">\n\t\t\t\t\t\t\t\t\t\t<img width=\"600\" height=\"400\" src=\"https:\/\/www.chiuyi.tw\/wp\/wp-content\/uploads\/2019\/10\/SMT-LINE-1.jpg\" class=\"attachment-large size-large\" alt=\"\u8d8a\u5357\u4e45\u76ca\u6709\u9650\u516c\u53f8 SMT LINE \u4ee3\u5de5\u751f\u7522 OEM\/ODM\" loading=\"lazy\" srcset=\"https:\/\/www.chiuyi.tw\/wp\/wp-content\/uploads\/2019\/10\/SMT-LINE-1.jpg 600w, https:\/\/www.chiuyi.tw\/wp\/wp-content\/uploads\/2019\/10\/SMT-LINE-1-360x240.jpg 360w, https:\/\/www.chiuyi.tw\/wp\/wp-content\/uploads\/2019\/10\/SMT-LINE-1-180x120.jpg 180w\" sizes=\"(max-width: 600px) 100vw, 600px\" \/>\t\t\t\t\t\t\t\t\t\t\t<figcaption class=\"widget-image-caption wp-caption-text\">SMT \/ DIP Line<\/figcaption>\n\t\t\t\t\t\t\t\t\t\t<\/figure>\n\t\t\t\t\t\t\t\t<\/div>\n\t\t\t\t\t\t<\/div>\n\t\t\t\t<\/div>\n\t\t\t\t\t\t<\/div>\n\t\t\t\t\t<\/div>\n\t\t<\/div>\n\t\t\t\t\t\t\t\t<\/div>\n\t\t\t\t\t<\/div>\n\t\t<\/section>\n\t\t\t\t<section class=\"elementor-section elementor-top-section elementor-element elementor-element-7307778 elementor-section-boxed elementor-section-height-default elementor-section-height-default\" data-id=\"7307778\" data-element_type=\"section\">\n\t\t\t\t\t\t<div class=\"elementor-container elementor-column-gap-narrow\">\n\t\t\t\t\t\t\t<div class=\"elementor-row\">\n\t\t\t\t\t<div class=\"elementor-column elementor-col-25 elementor-top-column elementor-element elementor-element-b9fdf33\" data-id=\"b9fdf33\" data-element_type=\"column\">\n\t\t\t<div class=\"elementor-column-wrap elementor-element-populated\">\n\t\t\t\t\t\t\t<div class=\"elementor-widget-wrap\">\n\t\t\t\t\t\t<div class=\"elementor-element elementor-element-5296829 elementor-widget elementor-widget-image\" data-id=\"5296829\" data-element_type=\"widget\" data-widget_type=\"image.default\">\n\t\t\t\t<div class=\"elementor-widget-container\">\n\t\t\t\t\t\t\t\t<div class=\"elementor-image\">\n\t\t\t\t\t\t\t\t\t<figure class=\"wp-caption\">\n\t\t\t\t\t\t\t\t\t\t<img width=\"600\" height=\"400\" src=\"https:\/\/www.chiuyi.tw\/wp\/wp-content\/uploads\/2019\/07\/thumb01-LCD-Speedometer.jpg\" class=\"attachment-large size-large\" alt=\"\u8d8a\u5357\u4e45\u76ca\u6709\u9650\u516c\u53f8 \u5168\u6db2\u6676\u6578\u4f4d\u5100\u8868 LCD Speedometer\" loading=\"lazy\" srcset=\"https:\/\/www.chiuyi.tw\/wp\/wp-content\/uploads\/2019\/07\/thumb01-LCD-Speedometer.jpg 600w, https:\/\/www.chiuyi.tw\/wp\/wp-content\/uploads\/2019\/07\/thumb01-LCD-Speedometer-360x240.jpg 360w, https:\/\/www.chiuyi.tw\/wp\/wp-content\/uploads\/2019\/07\/thumb01-LCD-Speedometer-180x120.jpg 180w\" sizes=\"(max-width: 600px) 100vw, 600px\" \/>\t\t\t\t\t\t\t\t\t\t\t<figcaption class=\"widget-image-caption wp-caption-text\">\u5168\u6db2\u6676\u6578\u4f4d\u5100\u8868 LCD Speedometer<\/figcaption>\n\t\t\t\t\t\t\t\t\t\t<\/figure>\n\t\t\t\t\t\t\t\t<\/div>\n\t\t\t\t\t\t<\/div>\n\t\t\t\t<\/div>\n\t\t\t\t\t\t<\/div>\n\t\t\t\t\t<\/div>\n\t\t<\/div>\n\t\t\t\t<div class=\"elementor-column elementor-col-25 elementor-top-column elementor-element elementor-element-96a87ed\" data-id=\"96a87ed\" data-element_type=\"column\">\n\t\t\t<div class=\"elementor-column-wrap elementor-element-populated\">\n\t\t\t\t\t\t\t<div class=\"elementor-widget-wrap\">\n\t\t\t\t\t\t<div class=\"elementor-element elementor-element-a34093f elementor-widget elementor-widget-image\" data-id=\"a34093f\" data-element_type=\"widget\" data-widget_type=\"image.default\">\n\t\t\t\t<div class=\"elementor-widget-container\">\n\t\t\t\t\t\t\t\t<div class=\"elementor-image\">\n\t\t\t\t\t\t\t\t\t<figure class=\"wp-caption\">\n\t\t\t\t\t\t\t\t\t\t<img width=\"600\" height=\"400\" src=\"https:\/\/www.chiuyi.tw\/wp\/wp-content\/uploads\/2019\/07\/thumb02-Standard-Speedometer.jpg\" class=\"attachment-large size-large\" alt=\"\u8d8a\u5357\u4e45\u76ca\u6709\u9650\u516c\u53f8 \u50b3\u7d71\u5100\u8868 Standard Speedometer\" loading=\"lazy\" srcset=\"https:\/\/www.chiuyi.tw\/wp\/wp-content\/uploads\/2019\/07\/thumb02-Standard-Speedometer.jpg 600w, https:\/\/www.chiuyi.tw\/wp\/wp-content\/uploads\/2019\/07\/thumb02-Standard-Speedometer-360x240.jpg 360w, https:\/\/www.chiuyi.tw\/wp\/wp-content\/uploads\/2019\/07\/thumb02-Standard-Speedometer-180x120.jpg 180w\" sizes=\"(max-width: 600px) 100vw, 600px\" \/>\t\t\t\t\t\t\t\t\t\t\t<figcaption class=\"widget-image-caption wp-caption-text\">\u50b3\u7d71\u5100\u8868 Standard Speedometer<\/figcaption>\n\t\t\t\t\t\t\t\t\t\t<\/figure>\n\t\t\t\t\t\t\t\t<\/div>\n\t\t\t\t\t\t<\/div>\n\t\t\t\t<\/div>\n\t\t\t\t\t\t<\/div>\n\t\t\t\t\t<\/div>\n\t\t<\/div>\n\t\t\t\t<div class=\"elementor-column elementor-col-25 elementor-top-column elementor-element elementor-element-dbf961e\" data-id=\"dbf961e\" data-element_type=\"column\">\n\t\t\t<div class=\"elementor-column-wrap elementor-element-populated\">\n\t\t\t\t\t\t\t<div class=\"elementor-widget-wrap\">\n\t\t\t\t\t\t<div class=\"elementor-element elementor-element-195acc5 elementor-widget elementor-widget-image\" data-id=\"195acc5\" data-element_type=\"widget\" data-widget_type=\"image.default\">\n\t\t\t\t<div class=\"elementor-widget-container\">\n\t\t\t\t\t\t\t\t<div class=\"elementor-image\">\n\t\t\t\t\t\t\t\t\t<figure class=\"wp-caption\">\n\t\t\t\t\t\t\t\t\t\t<img width=\"600\" height=\"400\" src=\"https:\/\/www.chiuyi.tw\/wp\/wp-content\/uploads\/2019\/07\/thumb03-FunctionLCD-Speedometer.jpg\" class=\"attachment-large size-large\" alt=\"\u8d8a\u5357\u4e45\u76ca\u6709\u9650\u516c\u53f8 \u529f\u80fd\u6db2\u6676\u5100\u8868 Function LCD Speedometer\" loading=\"lazy\" srcset=\"https:\/\/www.chiuyi.tw\/wp\/wp-content\/uploads\/2019\/07\/thumb03-FunctionLCD-Speedometer.jpg 600w, https:\/\/www.chiuyi.tw\/wp\/wp-content\/uploads\/2019\/07\/thumb03-FunctionLCD-Speedometer-360x240.jpg 360w, https:\/\/www.chiuyi.tw\/wp\/wp-content\/uploads\/2019\/07\/thumb03-FunctionLCD-Speedometer-180x120.jpg 180w\" sizes=\"(max-width: 600px) 100vw, 600px\" \/>\t\t\t\t\t\t\t\t\t\t\t<figcaption class=\"widget-image-caption wp-caption-text\">\u529f\u80fd\u6db2\u6676\u5100\u8868 Function LCD Speedometer<\/figcaption>\n\t\t\t\t\t\t\t\t\t\t<\/figure>\n\t\t\t\t\t\t\t\t<\/div>\n\t\t\t\t\t\t<\/div>\n\t\t\t\t<\/div>\n\t\t\t\t\t\t<\/div>\n\t\t\t\t\t<\/div>\n\t\t<\/div>\n\t\t\t\t<div class=\"elementor-column elementor-col-25 elementor-top-column elementor-element elementor-element-6a58be4\" data-id=\"6a58be4\" data-element_type=\"column\">\n\t\t\t<div class=\"elementor-column-wrap elementor-element-populated\">\n\t\t\t\t\t\t\t<div class=\"elementor-widget-wrap\">\n\t\t\t\t\t\t<div class=\"elementor-element elementor-element-2db6bde elementor-widget elementor-widget-image\" data-id=\"2db6bde\" data-element_type=\"widget\" data-widget_type=\"image.default\">\n\t\t\t\t<div class=\"elementor-widget-container\">\n\t\t\t\t\t\t\t\t<div class=\"elementor-image\">\n\t\t\t\t\t\t\t\t\t<figure class=\"wp-caption\">\n\t\t\t\t\t\t\t\t\t\t<img width=\"600\" height=\"400\" src=\"https:\/\/www.chiuyi.tw\/wp\/wp-content\/uploads\/2019\/07\/thumb05-Fuel-Senders.jpg\" class=\"attachment-large size-large\" alt=\"\u8d8a\u5357\u4e45\u76ca\u6709\u9650\u516c\u53f8 \u6cb9\u7bb1\u611f\u77e5\u5668 Fuel Senders\" loading=\"lazy\" srcset=\"https:\/\/www.chiuyi.tw\/wp\/wp-content\/uploads\/2019\/07\/thumb05-Fuel-Senders.jpg 600w, https:\/\/www.chiuyi.tw\/wp\/wp-content\/uploads\/2019\/07\/thumb05-Fuel-Senders-360x240.jpg 360w, https:\/\/www.chiuyi.tw\/wp\/wp-content\/uploads\/2019\/07\/thumb05-Fuel-Senders-180x120.jpg 180w\" sizes=\"(max-width: 600px) 100vw, 600px\" \/>\t\t\t\t\t\t\t\t\t\t\t<figcaption class=\"widget-image-caption wp-caption-text\">\u6cb9\u7bb1\u611f\u77e5\u5668 Fuel Senders<\/figcaption>\n\t\t\t\t\t\t\t\t\t\t<\/figure>\n\t\t\t\t\t\t\t\t<\/div>\n\t\t\t\t\t\t<\/div>\n\t\t\t\t<\/div>\n\t\t\t\t\t\t<\/div>\n\t\t\t\t\t<\/div>\n\t\t<\/div>\n\t\t\t\t\t\t\t\t<\/div>\n\t\t\t\t\t<\/div>\n\t\t<\/section>\n\t\t\t\t<section class=\"elementor-section elementor-top-section elementor-element elementor-element-568aff5 elementor-section-boxed elementor-section-height-default elementor-section-height-default\" data-id=\"568aff5\" data-element_type=\"section\">\n\t\t\t\t\t\t<div class=\"elementor-container elementor-column-gap-narrow\">\n\t\t\t\t\t\t\t<div class=\"elementor-row\">\n\t\t\t\t\t<div class=\"elementor-column elementor-col-25 elementor-top-column elementor-element elementor-element-8fe844d\" data-id=\"8fe844d\" data-element_type=\"column\">\n\t\t\t<div class=\"elementor-column-wrap elementor-element-populated\">\n\t\t\t\t\t\t\t<div class=\"elementor-widget-wrap\">\n\t\t\t\t\t\t<div class=\"elementor-element elementor-element-b9d73d2 elementor-widget elementor-widget-image\" data-id=\"b9d73d2\" data-element_type=\"widget\" data-widget_type=\"image.default\">\n\t\t\t\t<div class=\"elementor-widget-container\">\n\t\t\t\t\t\t\t\t<div class=\"elementor-image\">\n\t\t\t\t\t\t\t\t\t<figure class=\"wp-caption\">\n\t\t\t\t\t\t\t\t\t\t<img width=\"600\" height=\"400\" src=\"https:\/\/www.chiuyi.tw\/wp\/wp-content\/uploads\/2019\/07\/thumb06-Motorcycle-Resistor.jpg\" class=\"attachment-large size-large\" alt=\"\u8d8a\u5357\u4e45\u76ca\u6709\u9650\u516c\u53f8 \u6a5f\u8eca\u96fb\u963b\u5668\u7d44\u4ef6 Motorcycle Resistor\" loading=\"lazy\" srcset=\"https:\/\/www.chiuyi.tw\/wp\/wp-content\/uploads\/2019\/07\/thumb06-Motorcycle-Resistor.jpg 600w, https:\/\/www.chiuyi.tw\/wp\/wp-content\/uploads\/2019\/07\/thumb06-Motorcycle-Resistor-360x240.jpg 360w, https:\/\/www.chiuyi.tw\/wp\/wp-content\/uploads\/2019\/07\/thumb06-Motorcycle-Resistor-180x120.jpg 180w\" sizes=\"(max-width: 600px) 100vw, 600px\" \/>\t\t\t\t\t\t\t\t\t\t\t<figcaption class=\"widget-image-caption wp-caption-text\">\u6a5f\u8eca\u96fb\u963b\u5668\u7d44\u4ef6 Motorcycle Resistor<\/figcaption>\n\t\t\t\t\t\t\t\t\t\t<\/figure>\n\t\t\t\t\t\t\t\t<\/div>\n\t\t\t\t\t\t<\/div>\n\t\t\t\t<\/div>\n\t\t\t\t\t\t<\/div>\n\t\t\t\t\t<\/div>\n\t\t<\/div>\n\t\t\t\t<div class=\"elementor-column elementor-col-25 elementor-top-column elementor-element elementor-element-07c38b4\" data-id=\"07c38b4\" data-element_type=\"column\">\n\t\t\t<div class=\"elementor-column-wrap elementor-element-populated\">\n\t\t\t\t\t\t\t<div class=\"elementor-widget-wrap\">\n\t\t\t\t\t\t<div class=\"elementor-element elementor-element-001872a elementor-widget elementor-widget-image\" data-id=\"001872a\" data-element_type=\"widget\" data-widget_type=\"image.default\">\n\t\t\t\t<div class=\"elementor-widget-container\">\n\t\t\t\t\t\t\t\t<div class=\"elementor-image\">\n\t\t\t\t\t\t\t\t\t<figure class=\"wp-caption\">\n\t\t\t\t\t\t\t\t\t\t<img width=\"600\" height=\"400\" src=\"https:\/\/www.chiuyi.tw\/wp\/wp-content\/uploads\/2019\/07\/thumb08-Power-Cord.jpg\" class=\"attachment-large size-large\" alt=\"\u8d8a\u5357\u4e45\u76ca\u6709\u9650\u516c\u53f8 \u96fb\u6c60\u7dda\u6750 Battery Cord\" loading=\"lazy\" srcset=\"https:\/\/www.chiuyi.tw\/wp\/wp-content\/uploads\/2019\/07\/thumb08-Power-Cord.jpg 600w, https:\/\/www.chiuyi.tw\/wp\/wp-content\/uploads\/2019\/07\/thumb08-Power-Cord-360x240.jpg 360w, https:\/\/www.chiuyi.tw\/wp\/wp-content\/uploads\/2019\/07\/thumb08-Power-Cord-180x120.jpg 180w\" sizes=\"(max-width: 600px) 100vw, 600px\" \/>\t\t\t\t\t\t\t\t\t\t\t<figcaption class=\"widget-image-caption wp-caption-text\">\u96fb\u6c60\u7dda\u6750 Battery Cord<\/figcaption>\n\t\t\t\t\t\t\t\t\t\t<\/figure>\n\t\t\t\t\t\t\t\t<\/div>\n\t\t\t\t\t\t<\/div>\n\t\t\t\t<\/div>\n\t\t\t\t\t\t<\/div>\n\t\t\t\t\t<\/div>\n\t\t<\/div>\n\t\t\t\t<div class=\"elementor-column elementor-col-25 elementor-top-column elementor-element elementor-element-3784e11\" data-id=\"3784e11\" data-element_type=\"column\">\n\t\t\t<div class=\"elementor-column-wrap elementor-element-populated\">\n\t\t\t\t\t\t\t<div class=\"elementor-widget-wrap\">\n\t\t\t\t\t\t<div class=\"elementor-element elementor-element-2c5d199 elementor-widget elementor-widget-image\" data-id=\"2c5d199\" data-element_type=\"widget\" data-widget_type=\"image.default\">\n\t\t\t\t<div class=\"elementor-widget-container\">\n\t\t\t\t\t\t\t\t<div class=\"elementor-image\">\n\t\t\t\t\t\t\t\t\t<figure class=\"wp-caption\">\n\t\t\t\t\t\t\t\t\t\t<img width=\"600\" height=\"400\" src=\"https:\/\/www.chiuyi.tw\/wp\/wp-content\/uploads\/2019\/07\/thumb09-PCBA-Machining.jpg\" class=\"attachment-large size-large\" alt=\"\u8d8a\u5357\u4e45\u76ca\u6709\u9650\u516c\u53f8 PCBA \u52a0\u5de5 PCBA Machining\" loading=\"lazy\" srcset=\"https:\/\/www.chiuyi.tw\/wp\/wp-content\/uploads\/2019\/07\/thumb09-PCBA-Machining.jpg 600w, https:\/\/www.chiuyi.tw\/wp\/wp-content\/uploads\/2019\/07\/thumb09-PCBA-Machining-360x240.jpg 360w, https:\/\/www.chiuyi.tw\/wp\/wp-content\/uploads\/2019\/07\/thumb09-PCBA-Machining-180x120.jpg 180w\" sizes=\"(max-width: 600px) 100vw, 600px\" \/>\t\t\t\t\t\t\t\t\t\t\t<figcaption class=\"widget-image-caption wp-caption-text\">PCBA \u52a0\u5de5 PCBA Machining<\/figcaption>\n\t\t\t\t\t\t\t\t\t\t<\/figure>\n\t\t\t\t\t\t\t\t<\/div>\n\t\t\t\t\t\t<\/div>\n\t\t\t\t<\/div>\n\t\t\t\t\t\t<\/div>\n\t\t\t\t\t<\/div>\n\t\t<\/div>\n\t\t\t\t<div class=\"elementor-column elementor-col-25 elementor-top-column elementor-element elementor-element-3fa5cac\" data-id=\"3fa5cac\" data-element_type=\"column\">\n\t\t\t<div class=\"elementor-column-wrap elementor-element-populated\">\n\t\t\t\t\t\t\t<div class=\"elementor-widget-wrap\">\n\t\t\t\t\t\t<div class=\"elementor-element elementor-element-928572b elementor-widget elementor-widget-image\" data-id=\"928572b\" data-element_type=\"widget\" data-widget_type=\"image.default\">\n\t\t\t\t<div class=\"elementor-widget-container\">\n\t\t\t\t\t\t\t\t<div class=\"elementor-image\">\n\t\t\t\t\t\t\t\t\t<figure class=\"wp-caption\">\n\t\t\t\t\t\t\t\t\t\t<img width=\"600\" height=\"400\" src=\"https:\/\/www.chiuyi.tw\/wp\/wp-content\/uploads\/2019\/07\/thumb10-Main-Cord-Harness.jpg\" class=\"attachment-large size-large\" alt=\"\u8d8a\u5357\u4e45\u76ca\u6709\u9650\u516c\u53f8 \u6c7d\u6a5f\u8eca\u4e3b\u7dda\u675f Main Cord Harness\" loading=\"lazy\" srcset=\"https:\/\/www.chiuyi.tw\/wp\/wp-content\/uploads\/2019\/07\/thumb10-Main-Cord-Harness.jpg 600w, https:\/\/www.chiuyi.tw\/wp\/wp-content\/uploads\/2019\/07\/thumb10-Main-Cord-Harness-360x240.jpg 360w, https:\/\/www.chiuyi.tw\/wp\/wp-content\/uploads\/2019\/07\/thumb10-Main-Cord-Harness-180x120.jpg 180w\" sizes=\"(max-width: 600px) 100vw, 600px\" \/>\t\t\t\t\t\t\t\t\t\t\t<figcaption class=\"widget-image-caption wp-caption-text\">\u6c7d\u6a5f\u8eca\u4e3b\u7dda\u675f Main Cord Harness<\/figcaption>\n\t\t\t\t\t\t\t\t\t\t<\/figure>\n\t\t\t\t\t\t\t\t<\/div>\n\t\t\t\t\t\t<\/div>\n\t\t\t\t<\/div>\n\t\t\t\t\t\t<\/div>\n\t\t\t\t\t<\/div>\n\t\t<\/div>\n\t\t\t\t\t\t\t\t<\/div>\n\t\t\t\t\t<\/div>\n\t\t<\/section>\n\t\t\t\t\t\t\t\t\t<\/div>\n\t\t\t<\/div>\n\t\t\t\t\t<\/div>\n\t\t","protected":false},"excerpt":{"rendered":"<p>Gi\u1edbi thi\u1ec7u c\u00e1c lo\u1ea1i xe m\u00e1y v\u00e0 ph\u1ee5 t\u00f9ng \u00f4 t\u00f4 do C\u00d4NG TY TNHH CHIU YI VI\u1ec6T NAM s\u1ea3n xu\u1ea5t.<\/p>\n","protected":false},"author":1,"featured_media":0,"parent":0,"menu_order":120,"comment_status":"closed","ping_status":"closed","template":"","meta":{"site-sidebar-layout":"default","site-content-layout":"default","ast-global-header-display":"","ast-main-header-display":"","ast-hfb-above-header-display":"","ast-hfb-below-header-display":"","ast-hfb-mobile-header-display":"","site-post-title":"","ast-breadcrumbs-content":"","ast-featured-img":"disabled","footer-sml-layout":"","theme-transparent-header-meta":"default","adv-header-id-meta":"","stick-header-meta":"default","header-above-stick-meta":"","header-main-stick-meta":"","header-below-stick-meta":""},"_links":{"self":[{"href":"https:\/\/www.chiuyi.tw\/vi\/wp-json\/wp\/v2\/pages\/3816"}],"collection":[{"href":"https:\/\/www.chiuyi.tw\/vi\/wp-json\/wp\/v2\/pages"}],"about":[{"href":"https:\/\/www.chiuyi.tw\/vi\/wp-json\/wp\/v2\/types\/page"}],"author":[{"embeddable":true,"href":"https:\/\/www.chiuyi.tw\/vi\/wp-json\/wp\/v2\/users\/1"}],"replies":[{"embeddable":true,"href":"https:\/\/www.chiuyi.tw\/vi\/wp-json\/wp\/v2\/comments?post=3816"}],"version-history":[{"count":0,"href":"https:\/\/www.chiuyi.tw\/vi\/wp-json\/wp\/v2\/pages\/3816\/revisions"}],"wp:attachment":[{"href":"https:\/\/www.chiuyi.tw\/vi\/wp-json\/wp\/v2\/media?parent=3816"}],"curies":[{"name":"wp","href":"https:\/\/api.w.org\/{rel}","templated":true}]}}