{"id":3820,"date":"2020-08-20T17:47:37","date_gmt":"2020-08-20T09:47:37","guid":{"rendered":"https:\/\/www.chiuyi.tw\/wpgioi-thieu-cyvn\/cam-ket-chat-luong\/"},"modified":"2020-08-20T17:47:37","modified_gmt":"2020-08-20T09:47:37","slug":"cam-ket-chat-luong","status":"publish","type":"page","link":"https:\/\/www.chiuyi.tw\/vi\/gioi-thieu-cyvn\/cam-ket-chat-luong\/","title":{"rendered":"Cam k\u1ebft ch\u1ea5t l\u01b0\u1ee3ng"},"content":{"rendered":"\t\t<div data-elementor-type=\"wp-post\" data-elementor-id=\"3820\" class=\"elementor elementor-3820 elementor-1509\">\n\t\t\t\t\t\t<div class=\"elementor-inner\">\n\t\t\t\t<div class=\"elementor-section-wrap\">\n\t\t\t\t\t\t\t\t\t<section class=\"elementor-section elementor-top-section elementor-element elementor-element-3cb50bc elementor-section-boxed elementor-section-height-default elementor-section-height-default\" data-id=\"3cb50bc\" data-element_type=\"section\">\n\t\t\t\t\t\t<div class=\"elementor-container elementor-column-gap-narrow\">\n\t\t\t\t\t\t\t<div class=\"elementor-row\">\n\t\t\t\t\t<div class=\"elementor-column elementor-col-66 elementor-top-column elementor-element elementor-element-22890ad\" data-id=\"22890ad\" data-element_type=\"column\">\n\t\t\t<div class=\"elementor-column-wrap elementor-element-populated\">\n\t\t\t\t\t\t\t<div class=\"elementor-widget-wrap\">\n\t\t\t\t\t\t<div class=\"elementor-element elementor-element-061b66c elementor-widget elementor-widget-text-editor\" data-id=\"061b66c\" data-element_type=\"widget\" data-widget_type=\"text-editor.default\">\n\t\t\t\t<div class=\"elementor-widget-container\">\n\t\t\t\t\t\t\t\t<div class=\"elementor-text-editor elementor-clearfix\">\n\t\t\t\t<p>CHIU YI VI\u1ec6T NAM c\u00f3 m\u1ed9t cam k\u1ebft nh\u1ea5t qu\u00e1n \u0111\u1ed1i v\u1edbi Q (Ch\u1ea5t l\u01b0\u1ee3ng), C (Chi ph\u00ed) v\u00e0 D (Giao h\u00e0ng).<\/p>\n<p>Ch\u00fang t\u00f4i l\u1ea5y ch\u1ea5t l\u01b0\u1ee3ng l\u00e0m \u01b0u ti\u00ean h\u00e0ng \u0111\u1ea7u v\u00e0 tu\u00e2n th\u1ee7 ni\u1ec1m tin r\u1eb1ng ch\u00fang t\u00f4i c\u00f3 ch\u1ea5t l\u01b0\u1ee3ng t\u1ed1t \u0111\u1ec3 gi\u1eef ch\u00e2n kh\u00e1ch h\u00e0ng v\u00e0 ki\u1ec3m so\u00e1t ch\u1eb7t ch\u1ebd ch\u1ea5t l\u01b0\u1ee3ng. N\u0103m 2003, c\u00f4ng ty \u0111\u00e3 th\u00f4ng qua ISO 9001-2008 v\u00e0 \u0111\u1ea1t \u0111\u01b0\u1ee3c ch\u1ee9ng nh\u1eadn TS-16949 v\u00e0o n\u0103m 2009. C\u00f4ng ty th\u1ef1c hi\u1ec7n nghi\u00eam t\u00fac h\u1ec7 th\u1ed1ng qu\u1ea3n l\u00fd ch\u1ea5t l\u01b0\u1ee3ng v\u00e0 duy tr\u00ec ch\u1ebf \u0111\u1ed9 qu\u1ea3n l\u00fd ch\u1eb7t ch\u1ebd.<\/p>\n<p>CHIU YI VI\u1ec6T NAM \u0111\u00e3 \u0111\u01b0a h\u1ec7 th\u1ed1ng ki\u1ec3m so\u00e1t ch\u1ea5t l\u01b0\u1ee3ng v\u00e0o ngay t\u1eeb kh\u00e2u thi\u1ebft k\u1ebf ban \u0111\u1ea7u, \u0111\u01b0a ra c\u00e1c h\u1ea1ng m\u1ee5c qu\u1ea3n l\u00fd ch\u1ea5t l\u01b0\u1ee3ng tr\u1ecdng \u0111i\u1ec3m theo y\u00eau c\u1ea7u \u0111\u1eb7c th\u00f9 c\u1ee7a c\u00e1c kh\u00e1ch h\u00e0ng, \u0111\u1ed3ng th\u1eddi nghi\u00eam t\u00fac th\u1ef1c hi\u1ec7n ph\u01b0\u01a1ng ch\u00e2m 03S4:<\/p>\n<ul>\n<li>\u2027\u201c0\u201dl\u00e0 t\u1ef7 l\u1ec7 l\u1ed7i 0 PPM;<\/li>\n<li>\u2027\u201c3\u201dl\u00e0 ch\u00ednh s\u00e1ch ba kh\u00f4ng: kh\u00f4ng ch\u1ea5p nh\u1eadn s\u1ea3n ph\u1ea9m b\u1ecb l\u1ed7i, kh\u00f4ng s\u1ea3n xu\u1ea5t s\u1ea3n ph\u1ea9m b\u1ecb l\u1ed7i v\u00e0 kh\u00f4ng \u0111\u1ec3 l\u1ecdt s\u1ea3n ph\u1ea9m l\u1ed7i ra b\u00ean ngo\u00e0i;<\/li>\n<li>\u2027\u201cS\u201dl\u00e0 n\u00e2ng c\u1ea5p k\u1ef9 n\u0103ng, n\u00e2ng c\u1ea5p c\u00f4ng ngh\u1ec7;<\/li>\n<li>\u2027\u201c4\u201dl\u00e0 4M: Li\u00ean t\u1ee5c n\u00e2ng c\u1ea5p Nh\u00e2n l\u1ef1c, M\u00e1y m\u00f3c, V\u1eadt li\u1ec7u v\u00e0 Ph\u01b0\u01a1ng ph\u00e1p.<\/li>\n<\/ul>\n<p>Th\u00f4ng qua h\u1ec7 th\u1ed1ng qu\u1ea3n l\u00fd 5S t\u1ea1i ch\u1ed7, t\u1ea1o th\u00f3i quen l\u00e0m vi\u1ec7c \u0111\u00fang \u0111\u1eafn, n\u00e2ng cao hi\u1ec7u qu\u1ea3 s\u1ea3n xu\u1ea5t; th\u1ef1c hi\u1ec7n c\u00e1c \u0111\u1ec1 \u00e1n c\u1ea3i ti\u1ebfn, th\u1ef1c hi\u1ec7n c\u1ea3i ti\u1ebfn t\u1ea1i n\u01a1i l\u00e0m vi\u1ec7c, \u0111\u1ec3 thi\u1ebft l\u1eadp m\u1ed9t th\u1ec3 ch\u1ebf v\u00e0 h\u1ec7 th\u1ed1ng qu\u1ea3n l\u00fd l\u00e0m vi\u1ec7c t\u1ed1t.<\/p>\n<p>M\u1ee5c ti\u00eau cu\u1ed1i c\u00f9ng c\u1ee7a ch\u00fang t\u00f4i: kh\u00f4ng x\u1ea3y ra l\u1ed7i trong m\u1ecdi c\u00f4ng vi\u1ec7c, t\u1ef7 l\u1ec7 l\u1ed7i s\u1ea3n ph\u1ea9m 0 PPM. Tr\u01b0\u1edbc khi \u0111\u1ea1t \u0111\u01b0\u1ee3c m\u1ee5c ti\u00eau, C\u00f4ng ty Chiu Yi Vi\u1ec7t Nam s\u1ebd th\u1ef1c hi\u1ec7n t\u1ea5t c\u1ea3 c\u00e1c c\u1ea3i ti\u1ebfn v\u00e0 bi\u1ec7n ph\u00e1p \u0111\u1ec3 lo\u1ea1i b\u1ecf c\u00e1c v\u1ea5n \u0111\u1ec1 \u201cs\u1ea3n ph\u1ea9m b\u1ecb l\u1ed7i\u201d ho\u1eb7c \u201cg\u00e2y b\u1ea5t ti\u1ec7n cho kh\u00e1ch h\u00e0ng \u201d. \u0110\u1ec3 \u0111\u1ea1t \u0111\u01b0\u1ee3c m\u1ee5c ti\u00eau n\u00e0y, to\u00e0n th\u1ec3 nh\u00e2n vi\u00ean c\u00f4ng ty s\u1ebd h\u1ee3p t\u00e1c v\u00e0 h\u1ed7 tr\u1ee3 nhau \u0111\u1ec3 n\u00e2ng cao ch\u1ea5t l\u01b0\u1ee3ng s\u1ea3n xu\u1ea5t.<\/p>\n<p>CHIU YI VI\u1ec6T NAM n\u1ed7 l\u1ef1c h\u1ebft s\u1ee9c \u0111\u1ec3 cung c\u1ea5p c\u00e1c s\u1ea3n ph\u1ea9m v\u00e0 d\u1ecbch v\u1ee5 \u01b0u vi\u1ec7t cho t\u1ea5t c\u1ea3 kh\u00e1ch h\u00e0ng v\u00e0 thi\u1ebft l\u1eadp quan h\u1ec7 \u0111\u1ed1i t\u00e1c c\u00f9ng c\u00f3 l\u1ee3i l\u00e2u d\u00e0i v\u1edbi kh\u00e1ch h\u00e0ng. Ch\u00fang t\u00f4i cam k\u1ebft ch\u1ea5t l\u01b0\u1ee3ng trong t\u1eebng chi ti\u1ebft, ph\u00e1t huy tinh th\u1ea7n c\u1ea7u ti\u1ebfn, kh\u00f4ng ng\u1eebng c\u1ea3i ti\u1ebfn v\u0103n h\u00f3a doanh nghi\u1ec7p \u0111\u1ec3 \u0111\u1ea3m b\u1ea3o kh\u00e1ch h\u00e0ng c\u1ee7a ch\u00fang t\u00f4i ho\u00e0n to\u00e0n h\u00e0i l\u00f2ng v\u1edbi c\u00e1c s\u1ea3n ph\u1ea9m v\u00e0 d\u1ecbch v\u1ee5 do m\u00ecnh cung c\u1ea5p.<\/p>\n\t\t\t\t\t<\/div>\n\t\t\t\t\t\t<\/div>\n\t\t\t\t<\/div>\n\t\t\t\t\t\t<\/div>\n\t\t\t\t\t<\/div>\n\t\t<\/div>\n\t\t\t\t<div class=\"elementor-column elementor-col-33 elementor-top-column elementor-element elementor-element-ffc69c5\" data-id=\"ffc69c5\" data-element_type=\"column\">\n\t\t\t<div class=\"elementor-column-wrap elementor-element-populated\">\n\t\t\t\t\t\t\t<div class=\"elementor-widget-wrap\">\n\t\t\t\t\t\t<div class=\"elementor-element elementor-element-6b400c6 elementor-widget elementor-widget-image\" data-id=\"6b400c6\" data-element_type=\"widget\" data-widget_type=\"image.default\">\n\t\t\t\t<div class=\"elementor-widget-container\">\n\t\t\t\t\t\t\t\t<div class=\"elementor-image\">\n\t\t\t\t\t\t\t\t\t<figure class=\"wp-caption\">\n\t\t\t\t\t\t\t\t\t\t\t<a href=\"https:\/\/www.chiuyi.tw\/wp\/wp-content\/uploads\/2019\/06\/CHIUYI-VIETNAM-CoLTd-ISO14001-2015-Certification.jpg\" data-elementor-open-lightbox=\"yes\" data-elementor-lightbox-title=\"CHIUYI-VIETNAM-CoLTd-ISO14001-2015-Certification\" data-elementor-lightbox-description=\"CHIUYI VIETNAM Co., LTd. ISO14001:2015 Certification\" e-action-hash=\"#elementor-action%3Aaction%3Dlightbox%26settings%3DeyJpZCI6MjE2OCwidXJsIjoiaHR0cHM6XC9cL3d3dy5jaGl1eWkudHdcL3dwXC93cC1jb250ZW50XC91cGxvYWRzXC8yMDE5XC8wNlwvQ0hJVVlJLVZJRVROQU0tQ29MVGQtSVNPMTQwMDEtMjAxNS1DZXJ0aWZpY2F0aW9uLmpwZyJ9\">\n\t\t\t\t\t\t\t<img src=\"https:\/\/www.chiuyi.tw\/wp\/wp-content\/uploads\/elementor\/thumbs\/CHIUYI-VIETNAM-CoLTd-ISO14001-2015-Certification-op0jfgjkn0gr43maizsmaf75ka3v1bmp9xkoe4m5ee.jpg\" title=\"CHIUYI-VIETNAM-CoLTd-ISO14001-2015-Certification\" alt=\"CHIUYI VIETNAM Co., LTd. ISO14001:2015 Certification\" \/>\t\t\t\t\t\t\t\t<\/a>\n\t\t\t\t\t\t\t\t\t\t\t<figcaption class=\"widget-image-caption wp-caption-text\">CHIUYI VIETNAM Co., LTd. ISO14001:2015 Certification<\/figcaption>\n\t\t\t\t\t\t\t\t\t\t<\/figure>\n\t\t\t\t\t\t\t\t<\/div>\n\t\t\t\t\t\t<\/div>\n\t\t\t\t<\/div>\n\t\t\t\t<div class=\"elementor-element elementor-element-85f1b07 elementor-widget elementor-widget-image\" data-id=\"85f1b07\" data-element_type=\"widget\" data-widget_type=\"image.default\">\n\t\t\t\t<div class=\"elementor-widget-container\">\n\t\t\t\t\t\t\t\t<div class=\"elementor-image\">\n\t\t\t\t\t\t\t\t\t<figure class=\"wp-caption\">\n\t\t\t\t\t\t\t\t\t\t\t<a href=\"https:\/\/www.chiuyi.tw\/wp\/wp-content\/uploads\/2019\/06\/CHIUYI-VIETNAM-CoLTd-IATF16949-2016-Certification.jpg\" data-elementor-open-lightbox=\"yes\" data-elementor-lightbox-title=\"CHIUYI-VIETNAM-CoLTd-IATF16949-2016-Certification\" data-elementor-lightbox-description=\"CHIUYI VIETNAM Co., LTd. IATF16949:2016 Certification\" e-action-hash=\"#elementor-action%3Aaction%3Dlightbox%26settings%3DeyJpZCI6MjE2NywidXJsIjoiaHR0cHM6XC9cL3d3dy5jaGl1eWkudHdcL3dwXC93cC1jb250ZW50XC91cGxvYWRzXC8yMDE5XC8wNlwvQ0hJVVlJLVZJRVROQU0tQ29MVGQtSUFURjE2OTQ5LTIwMTYtQ2VydGlmaWNhdGlvbi5qcGcifQ%3D%3D\">\n\t\t\t\t\t\t\t<img src=\"https:\/\/www.chiuyi.tw\/wp\/wp-content\/uploads\/elementor\/thumbs\/CHIUYI-VIETNAM-CoLTd-IATF16949-2016-Certification-op0jf756qo3vvzzy1vqclhkjmfe6wcldwn1tld0310.jpg\" title=\"CHIUYI-VIETNAM-CoLTd-IATF16949-2016-Certification\" alt=\"CHIUYI VIETNAM Co., LTd. IATF16949:2016 Certification\" \/>\t\t\t\t\t\t\t\t<\/a>\n\t\t\t\t\t\t\t\t\t\t\t<figcaption class=\"widget-image-caption wp-caption-text\">CHIUYI VIETNAM Co., LTd. IATF16949:2016 Certification<\/figcaption>\n\t\t\t\t\t\t\t\t\t\t<\/figure>\n\t\t\t\t\t\t\t\t<\/div>\n\t\t\t\t\t\t<\/div>\n\t\t\t\t<\/div>\n\t\t\t\t\t\t<\/div>\n\t\t\t\t\t<\/div>\n\t\t<\/div>\n\t\t\t\t\t\t\t\t<\/div>\n\t\t\t\t\t<\/div>\n\t\t<\/section>\n\t\t\t\t\t\t\t\t\t<\/div>\n\t\t\t<\/div>\n\t\t\t\t\t<\/div>\n\t\t","protected":false},"excerpt":{"rendered":"<p>CHIU YI VI\u1ec6T NAM c\u00f3 m\u1ed9t cam k\u1ebft nh\u1ea5t qu\u00e1n \u0111\u1ed1i v\u1edbi Q (Ch\u1ea5t l\u01b0\u1ee3ng), C (Chi ph\u00ed) v\u00e0 D (Giao h\u00e0ng). Ch\u00fang t\u00f4i l\u1ea5y ch\u1ea5t l\u01b0\u1ee3ng l\u00e0m \u01b0u ti\u00ean h\u00e0ng \u0111\u1ea7u v\u00e0 tu\u00e2n th\u1ee7 ni\u1ec1m tin r\u1eb1ng ch\u00fang t\u00f4i c\u00f3 ch\u1ea5t l\u01b0\u1ee3ng t\u1ed1t \u0111\u1ec3 gi\u1eef ch\u00e2n kh\u00e1ch h\u00e0ng v\u00e0 ki\u1ec3m so\u00e1t ch\u1eb7t ch\u1ebd ch\u1ea5t l\u01b0\u1ee3ng.<\/p>\n","protected":false},"author":1,"featured_media":0,"parent":3818,"menu_order":111,"comment_status":"closed","ping_status":"closed","template":"","meta":{"site-sidebar-layout":"default","site-content-layout":"default","ast-global-header-display":"","ast-main-header-display":"","ast-hfb-above-header-display":"","ast-hfb-below-header-display":"","ast-hfb-mobile-header-display":"","site-post-title":"","ast-breadcrumbs-content":"","ast-featured-img":"disabled","footer-sml-layout":"","theme-transparent-header-meta":"default","adv-header-id-meta":"","stick-header-meta":"","header-above-stick-meta":"","header-main-stick-meta":"","header-below-stick-meta":""},"_links":{"self":[{"href":"https:\/\/www.chiuyi.tw\/vi\/wp-json\/wp\/v2\/pages\/3820"}],"collection":[{"href":"https:\/\/www.chiuyi.tw\/vi\/wp-json\/wp\/v2\/pages"}],"about":[{"href":"https:\/\/www.chiuyi.tw\/vi\/wp-json\/wp\/v2\/types\/page"}],"author":[{"embeddable":true,"href":"https:\/\/www.chiuyi.tw\/vi\/wp-json\/wp\/v2\/users\/1"}],"replies":[{"embeddable":true,"href":"https:\/\/www.chiuyi.tw\/vi\/wp-json\/wp\/v2\/comments?post=3820"}],"version-history":[{"count":0,"href":"https:\/\/www.chiuyi.tw\/vi\/wp-json\/wp\/v2\/pages\/3820\/revisions"}],"up":[{"embeddable":true,"href":"https:\/\/www.chiuyi.tw\/vi\/wp-json\/wp\/v2\/pages\/3818"}],"wp:attachment":[{"href":"https:\/\/www.chiuyi.tw\/vi\/wp-json\/wp\/v2\/media?parent=3820"}],"curies":[{"name":"wp","href":"https:\/\/api.w.org\/{rel}","templated":true}]}}