{"id":3822,"date":"2020-08-20T17:49:00","date_gmt":"2020-08-20T09:49:00","guid":{"rendered":"https:\/\/www.chiuyi.tw\/wpgioi-thieu-cyvn\/suc-manh-ky-thuat\/"},"modified":"2020-08-20T17:49:00","modified_gmt":"2020-08-20T09:49:00","slug":"suc-manh-ky-thuat","status":"publish","type":"page","link":"https:\/\/www.chiuyi.tw\/vi\/gioi-thieu-cyvn\/suc-manh-ky-thuat\/","title":{"rendered":"S\u1ee9c m\u1ea1nh k\u1ef9 thu\u1eadt"},"content":{"rendered":"\t\t<div data-elementor-type=\"wp-post\" data-elementor-id=\"3822\" class=\"elementor elementor-3822 elementor-1517\">\n\t\t\t\t\t\t<div class=\"elementor-inner\">\n\t\t\t\t<div class=\"elementor-section-wrap\">\n\t\t\t\t\t\t\t\t\t<section class=\"elementor-section elementor-top-section elementor-element elementor-element-c761b9c elementor-section-boxed elementor-section-height-default elementor-section-height-default\" data-id=\"c761b9c\" data-element_type=\"section\">\n\t\t\t\t\t\t<div class=\"elementor-container elementor-column-gap-default\">\n\t\t\t\t\t\t\t<div class=\"elementor-row\">\n\t\t\t\t\t<div class=\"elementor-column elementor-col-100 elementor-top-column elementor-element elementor-element-610c350\" data-id=\"610c350\" data-element_type=\"column\">\n\t\t\t<div class=\"elementor-column-wrap elementor-element-populated\">\n\t\t\t\t\t\t\t<div class=\"elementor-widget-wrap\">\n\t\t\t\t\t\t<div class=\"elementor-element elementor-element-53deba2 elementor-widget elementor-widget-heading\" data-id=\"53deba2\" data-element_type=\"widget\" data-widget_type=\"heading.default\">\n\t\t\t\t<div class=\"elementor-widget-container\">\n\t\t\t<h2 class=\"elementor-heading-title elementor-size-default\">Ch\u00fang t\u00f4i cung c\u1ea5p d\u1ecbch v\u1ee5 v\u00e0 gi\u1ea3i ph\u00e1p t\u1ea5t c\u1ea3 trong m\u1ed9t (all-in-one) cho kh\u00e1ch h\u00e0ng<\/h2>\t\t<\/div>\n\t\t\t\t<\/div>\n\t\t\t\t<div class=\"elementor-element elementor-element-33692ea elementor-widget elementor-widget-text-editor\" data-id=\"33692ea\" data-element_type=\"widget\" data-widget_type=\"text-editor.default\">\n\t\t\t\t<div class=\"elementor-widget-container\">\n\t\t\t\t\t\t\t\t<div class=\"elementor-text-editor elementor-clearfix\">\n\t\t\t\t<p>CHIU YI VI\u1ec6T NAM cung c\u1ea5p d\u1ecbch v\u1ee5 v\u00e0 gi\u1ea3i ph\u00e1p t\u1ea5t c\u1ea3 trong m\u1ed9t (all-in-one), v\u1edbi d\u1ecbch v\u1ee5 n\u00e0y kh\u00e1ch h\u00e0ng c\u00f3 th\u1ec3 nh\u1eadn \u0111\u01b0\u1ee3c t\u1eeb ch\u00fang t\u00f4i: c\u00f4ng t\u00e1c l\u1eafp r\u00e1p d\u00e2y \u0111i\u1ec7n, thi\u1ebft k\u1ebf ph\u1ea7n c\u1ee9ng v\u00e0 ph\u1ea7n m\u1ec1m, thi\u1ebft k\u1ebf v\u00e0 s\u1ea3n xu\u1ea5t DIP (Vi\u1ec7t Nam), thi\u1ebft k\u1ebf v\u00e0 s\u1ea3n xu\u1ea5t SMT (Vi\u1ec7t Nam).<\/p>\n<p>Ch\u00fang t\u00f4i \u0111\u00e3 th\u00f4ng qua ch\u1ee9ng nh\u1eadn qu\u1ea3n l\u00fd ch\u1ea5t l\u01b0\u1ee3ng c\u00f4ng nghi\u1ec7p \u00f4 t\u00f4 IATF16949, tin r\u1eb1ng v\u1edbi s\u1ee9c m\u1ea1nh k\u1ef9 thu\u1eadt c\u1ee7a CHIU YI VI\u1ec6T NAM, kh\u00e1ch h\u00e0ng c\u00f3 th\u1ec3 y\u00ean t\u00e2m!<\/p>\n\t\t\t\t\t<\/div>\n\t\t\t\t\t\t<\/div>\n\t\t\t\t<\/div>\n\t\t\t\t<div class=\"elementor-element elementor-element-06886f4 elementor-widget elementor-widget-image\" data-id=\"06886f4\" data-element_type=\"widget\" data-widget_type=\"image.default\">\n\t\t\t\t<div class=\"elementor-widget-container\">\n\t\t\t\t\t\t\t\t<div class=\"elementor-image\">\n\t\t\t\t\t\t\t\t\t\t\t\t<img width=\"768\" height=\"557\" src=\"https:\/\/www.chiuyi.tw\/wp\/wp-content\/uploads\/2019\/06\/CHIUYI-Core-Competence-768x557.jpg\" class=\"attachment-medium_large size-medium_large\" alt=\"CHIUYI Core Competence\" loading=\"lazy\" srcset=\"https:\/\/www.chiuyi.tw\/wp\/wp-content\/uploads\/2019\/06\/CHIUYI-Core-Competence-768x557.jpg 768w, https:\/\/www.chiuyi.tw\/wp\/wp-content\/uploads\/2019\/06\/CHIUYI-Core-Competence-360x261.jpg 360w, https:\/\/www.chiuyi.tw\/wp\/wp-content\/uploads\/2019\/06\/CHIUYI-Core-Competence-180x131.jpg 180w, https:\/\/www.chiuyi.tw\/wp\/wp-content\/uploads\/2019\/06\/CHIUYI-Core-Competence.jpg 910w\" sizes=\"(max-width: 768px) 100vw, 768px\" \/>\t\t\t\t\t\t\t\t\t\t\t\t\t\t<\/div>\n\t\t\t\t\t\t<\/div>\n\t\t\t\t<\/div>\n\t\t\t\t\t\t<\/div>\n\t\t\t\t\t<\/div>\n\t\t<\/div>\n\t\t\t\t\t\t\t\t<\/div>\n\t\t\t\t\t<\/div>\n\t\t<\/section>\n\t\t\t\t\t\t\t\t\t<\/div>\n\t\t\t<\/div>\n\t\t\t\t\t<\/div>\n\t\t","protected":false},"excerpt":{"rendered":"<p>CHIU YI VI\u1ec6T NAM cung c\u1ea5p d\u1ecbch v\u1ee5 v\u00e0 gi\u1ea3i ph\u00e1p t\u1ea5t c\u1ea3 trong m\u1ed9t (all-in-one), v\u1edbi d\u1ecbch v\u1ee5 n\u00e0y kh\u00e1ch h\u00e0ng c\u00f3 th\u1ec3 nh\u1eadn \u0111\u01b0\u1ee3c t\u1eeb ch\u00fang t\u00f4i: c\u00f4ng t\u00e1c l\u1eafp r\u00e1p d\u00e2y \u0111i\u1ec7n, thi\u1ebft k\u1ebf ph\u1ea7n c\u1ee9ng v\u00e0 ph\u1ea7n m\u1ec1m, thi\u1ebft k\u1ebf v\u00e0 s\u1ea3n xu\u1ea5t DIP (Vi\u1ec7t Nam), thi\u1ebft k\u1ebf v\u00e0 s\u1ea3n xu\u1ea5t SMT (Vi\u1ec7t Nam).<\/p>\n","protected":false},"author":1,"featured_media":0,"parent":3818,"menu_order":112,"comment_status":"closed","ping_status":"closed","template":"","meta":{"site-sidebar-layout":"default","site-content-layout":"default","ast-global-header-display":"","ast-main-header-display":"","ast-hfb-above-header-display":"","ast-hfb-below-header-display":"","ast-hfb-mobile-header-display":"","site-post-title":"","ast-breadcrumbs-content":"","ast-featured-img":"disabled","footer-sml-layout":"","theme-transparent-header-meta":"default","adv-header-id-meta":"","stick-header-meta":"","header-above-stick-meta":"","header-main-stick-meta":"","header-below-stick-meta":""},"_links":{"self":[{"href":"https:\/\/www.chiuyi.tw\/vi\/wp-json\/wp\/v2\/pages\/3822"}],"collection":[{"href":"https:\/\/www.chiuyi.tw\/vi\/wp-json\/wp\/v2\/pages"}],"about":[{"href":"https:\/\/www.chiuyi.tw\/vi\/wp-json\/wp\/v2\/types\/page"}],"author":[{"embeddable":true,"href":"https:\/\/www.chiuyi.tw\/vi\/wp-json\/wp\/v2\/users\/1"}],"replies":[{"embeddable":true,"href":"https:\/\/www.chiuyi.tw\/vi\/wp-json\/wp\/v2\/comments?post=3822"}],"version-history":[{"count":0,"href":"https:\/\/www.chiuyi.tw\/vi\/wp-json\/wp\/v2\/pages\/3822\/revisions"}],"up":[{"embeddable":true,"href":"https:\/\/www.chiuyi.tw\/vi\/wp-json\/wp\/v2\/pages\/3818"}],"wp:attachment":[{"href":"https:\/\/www.chiuyi.tw\/vi\/wp-json\/wp\/v2\/media?parent=3822"}],"curies":[{"name":"wp","href":"https:\/\/api.w.org\/{rel}","templated":true}]}}